{"id":10,"date":"2012-02-13T19:10:14","date_gmt":"2012-02-13T18:10:14","guid":{"rendered":"http:\/\/jurges.ihnternet.de\/?page_id=10"},"modified":"2019-11-27T13:08:18","modified_gmt":"2019-11-27T13:08:18","slug":"vorstand-und-beirat","status":"publish","type":"page","link":"http:\/\/cms.juristische-gesellschaft-augsburg.de\/?page_id=10","title":{"rendered":"Vorstand"},"content":{"rendered":"<p>Die Gesch\u00e4ftsf\u00fchrung der Gesellschaft obliegt einem aus vier Personen bestehenden Vorstand, der von einem Beirat unterst\u00fctzt wird.<\/p>\n<blockquote><p><span style=\"color: #0087c1;\"><a href=\"https:\/\/www.jura.uni-augsburg.de\/lehrende\/professoren\/becker\/mitarbeiter\/becker_christoph\/\"><strong>Herr Professor Dr. Christoph Becker<\/strong><\/a><span style=\"color: #000000;\">\u00a0<\/span><\/span>(1. Vorsitzender der Gesellschaft)<br \/>\n<strong><span style=\"color: #0087c1;\">Herr Dr. Herbert Veh<\/span><\/strong>\u00a0(Stellvertretender Vorsitzender)<br \/>\n<a href=\"https:\/\/www.seitz-partner.de\/rechtsanwaelte\/detail\/knapp-christoph\/\"><strong><span style=\"color: #0087c1;\">Herr Rechtsanwalt Dr. Christoph Knapp<\/span><\/strong>\u00a0<\/a>(Schriftf\u00fchrer)<br \/>\n<span style=\"color: #0087c1;\"><a href=\"https:\/\/www.sonntag-partner.de\/team\/ulrich-derlien\/\"><strong>Herr Rechtsanwalt und Steuerberater Ulrich Derlien<\/strong><\/a>\u00a0<\/span>(Schatzmeister)<\/p><\/blockquote>\n<p><!--more--><\/p>\n<p>&nbsp;<\/p>\n<h4>Historie<\/h4>\n<p><b>Ehrenvorsitzender<\/b><\/p>\n<ul>\n<li><strong>Herr Professor Dr. Hans-Ulrich Jerschke<\/strong> (seit 2016)<\/li>\n<\/ul>\n<p><b>Vorsitzender<\/b><\/p>\n<ul>\n<li><strong>Herr Professor Dr. Gunnar Folke Schuppert<\/strong> (7\/1988 \u2013 11\/1993)<\/li>\n<li><strong>Herr Professor Dr. Volker Behr<\/strong> (11\/1993 \u2013 11\/2007)<\/li>\n<li><strong>Herr Professor Dr. Hans-Ulrich Jerschke<\/strong> (11\/2007 &#8211; 7\/2015)<\/li>\n<li><strong>Herr Professor Dr. Christoph Becker<\/strong> (seit 7\/2015)<\/li>\n<\/ul>\n<p><b>Stellvertretender Vorsitzender<\/b><\/p>\n<ul>\n<li><strong>Herr Professor Dr. Hans-Ulrich Jerschke<\/strong> (7\/1988 \u2013 11\/2007)<\/li>\n<li><strong>Herr Professor Dr. Christoph Becker<\/strong> (11\/2007 &#8211; 7\/2015)<\/li>\n<li><strong>Herr Dr. Herbert Veh<\/strong> (seit 7\/2015)<\/li>\n<\/ul>\n<p><b>Schriftf\u00fchrer<\/b><\/p>\n<ul>\n<li><strong>Herr Klaus Thilo<\/strong>, Ass. (7\/1988 \u2013 2\/1995)<\/li>\n<li><strong>HerrHans-Ulrich Embacher<\/strong>, Rechtsanwalt (2\/1995 \u2013 1\/2003)<\/li>\n<li><strong>HerrHans-Peter Bernhard<\/strong>, Rechtsanwalt (seit 1\/2003 &#8211; 7\/2015)<\/li>\n<li><strong>Herr Dr. Christoph Knapp<\/strong>, Rechtsanwalt (seit 7\/2015)<\/li>\n<\/ul>\n<p><b>Schatzmeister<\/b><\/p>\n<ul>\n<li><strong>Herr Willy Lehmann<\/strong>, Vorstandsvorsitzender der Stadtsparkasse Augsburg (7\/1988 \u2013 11\/1992)<\/li>\n<li><strong>Herr Werner Lauterbach<\/strong>, Vorstandsvorsitzender der Stadtsparkasse Augsburg (11\/1992 \u2013 11\/2009)<\/li>\n<li><strong>Herr Ulrich Derlien<\/strong>, Rechtsanwalt und Steuerberater\u00a0 (seit 11\/2009)<\/li>\n<\/ul>\n","protected":false},"excerpt":{"rendered":"<p>Die Gesch\u00e4ftsf\u00fchrung der Gesellschaft obliegt einem aus vier Personen bestehenden Vorstand, der von einem Beirat unterst\u00fctzt wird. Herr Professor Dr. Christoph Becker\u00a0(1. Vorsitzender der Gesellschaft) Herr Dr. Herbert Veh\u00a0(Stellvertretender Vorsitzender) <a href=\"http:\/\/cms.juristische-gesellschaft-augsburg.de\/?page_id=10\" class=\"more-link\">[&hellip;]<\/a><\/p>\n","protected":false},"author":1,"featured_media":0,"parent":7,"menu_order":1,"comment_status":"closed","ping_status":"closed","template":"","meta":{"Layout":"","footnotes":""},"class_list":["entry","author-jurges","has-more-link","post-10","page","type-page","status-publish"],"_links":{"self":[{"href":"http:\/\/cms.juristische-gesellschaft-augsburg.de\/index.php?rest_route=\/wp\/v2\/pages\/10","targetHints":{"allow":["GET"]}}],"collection":[{"href":"http:\/\/cms.juristische-gesellschaft-augsburg.de\/index.php?rest_route=\/wp\/v2\/pages"}],"about":[{"href":"http:\/\/cms.juristische-gesellschaft-augsburg.de\/index.php?rest_route=\/wp\/v2\/types\/page"}],"author":[{"embeddable":true,"href":"http:\/\/cms.juristische-gesellschaft-augsburg.de\/index.php?rest_route=\/wp\/v2\/users\/1"}],"replies":[{"embeddable":true,"href":"http:\/\/cms.juristische-gesellschaft-augsburg.de\/index.php?rest_route=%2Fwp%2Fv2%2Fcomments&post=10"}],"version-history":[{"count":28,"href":"http:\/\/cms.juristische-gesellschaft-augsburg.de\/index.php?rest_route=\/wp\/v2\/pages\/10\/revisions"}],"predecessor-version":[{"id":912,"href":"http:\/\/cms.juristische-gesellschaft-augsburg.de\/index.php?rest_route=\/wp\/v2\/pages\/10\/revisions\/912"}],"up":[{"embeddable":true,"href":"http:\/\/cms.juristische-gesellschaft-augsburg.de\/index.php?rest_route=\/wp\/v2\/pages\/7"}],"wp:attachment":[{"href":"http:\/\/cms.juristische-gesellschaft-augsburg.de\/index.php?rest_route=%2Fwp%2Fv2%2Fmedia&parent=10"}],"curies":[{"name":"wp","href":"https:\/\/api.w.org\/{rel}","templated":true}]}}