{"id":16,"date":"2012-02-13T19:12:06","date_gmt":"2012-02-13T18:12:06","guid":{"rendered":"http:\/\/jurges.ihnternet.de\/?page_id=16"},"modified":"2019-11-27T12:26:17","modified_gmt":"2019-11-27T12:26:17","slug":"mitgliedschaft","status":"publish","type":"page","link":"http:\/\/cms.juristische-gesellschaft-augsburg.de\/?page_id=16","title":{"rendered":"Mitgliedschaft"},"content":{"rendered":"<p>Mitglied der Gesellschaft kann jeder werden, der mindestens die Erste Juristische Staatspr\u00fcfung bestanden oder einen juristischen akademischen Grad erworben hat.<br \/>\nVorstand und Beirat der Juristischen Gesellschaft w\u00fcrden sich freuen, wenn m\u00f6glichst viele weitere Augsburger Juristen der Gesellschaft beitreten, der bereits \u00fcber 380 Mitglieder angeh\u00f6ren.<\/p>\n<blockquote><p>Der Mitgliedsbeitrag betr\u00e4gt derzeit j\u00e4hrlich EUR 25,-.<\/p>\n<ul type=\"square\">\n<li type=\"square\"><a href=\"http:\/\/cms.juristische-gesellschaft-augsburg.de\/wp-content\/uploads\/2012\/02\/Satzung_Juristische_Gesellschaft_Augsburg_2017.pdf\" target=\"_blank\" rel=\"noopener\">Satzung der Juristische Gesellschaft Augsburg e.V.<\/a><\/li>\n<li type=\"square\"><a href=\"http:\/\/cms.juristische-gesellschaft-augsburg.de\/wp-content\/uploads\/2018\/05\/Beitrittsformular-neu.pdf\">Beitrittserkl\u00e4rung<\/a> (zum Online-Ausf\u00fcllen und drucken)<\/li>\n<\/ul>\n<\/blockquote>\n<p>Wir bitten um Verst\u00e4ndnis daf\u00fcr, dass die Aufnahmeantr\u00e4ge eine EDV-gerechte Fassung haben; dies soll den Aufwand f\u00fcr die Mitgliederverwaltung so gering wie m\u00f6glich halten.<\/p>\n<p>Aus demselben Grund bitten wir darum, den Mitgliedsbeitrag abbuchen zu lassen. Die Juristische Gesellschaft Augsburg e.V. ist durch Bescheinigung des Finanzamtes Augsburg-Stadt als gemeinn\u00fctzig anerkannt und erteilt daher f\u00fcr den Mitgliedsbeitrag und Spenden \u2013 unaufgefordert zum Jahresende \u2013 eine Spendenquittung.<\/p>\n<p>Die Kontoverbindung der Juristischen Gesellschaft Augsburg e.V. lautet:<br \/>\nStadtsparkasse Augsburg, IBAN DE28 7205 0000 0810 6174 31, BIC AUGSDE77XXX<\/p>\n<blockquote><p>Um mit Ihnen in Kontakt zu bleiben, bevorzugen wir die Kommunikation per E-Mail. Deshalb bitten wir um Mitteilung Ihrer Email-Adresse, sofern Sie Korrespondenz per Email w\u00fcnschen.<\/p><\/blockquote>\n<p>&nbsp;<\/p>\n<p>Die Juristische Gesellschaft Augsburg e.V. pflegt die von den Mitgliedern \u00fcberlassenen, personenbezogenen Daten in einer Sammlung. Die Daten werden ausschlie\u00dflich zu internen mitgliedschaftlichen Zwecken durch Schatzmeister und Schriftf\u00fchrer verwendet und verwaltet. Mitgliederdaten werden anderen Mitgliedern oder Dritten nicht bekanntgegeben, es sei denn, der Verein ist dazu rechtlich verpflichtet. Die Daten werden bei Ende der Mitgliedschaft aus der Sammlung gel\u00f6scht. Dar\u00fcber hinaus werden die Daten bis zum Ablauf der gesetzlichen Aufbewahrungsfristen gespeichert und anschlie\u00dfend gel\u00f6scht. N\u00e4here Informationen entnehmen Sie bitte unseren <a href=\"http:\/\/cms.juristische-gesellschaft-augsburg.de\/wp-content\/uploads\/2018\/05\/datenschutzinformationHP-Mitglieder.pdf\">Datenschutzhinweisen<\/a><\/p>\n","protected":false},"excerpt":{"rendered":"<p>Mitglied der Gesellschaft kann jeder werden, der mindestens die Erste Juristische Staatspr\u00fcfung bestanden oder einen juristischen akademischen Grad erworben hat. Vorstand und Beirat der Juristischen Gesellschaft w\u00fcrden sich freuen, wenn <a href=\"http:\/\/cms.juristische-gesellschaft-augsburg.de\/?page_id=16\" class=\"more-link\">[&hellip;]<\/a><\/p>\n","protected":false},"author":1,"featured_media":0,"parent":0,"menu_order":3,"comment_status":"closed","ping_status":"closed","template":"","meta":{"Layout":"","footnotes":""},"class_list":["entry","author-jurges","post-16","page","type-page","status-publish"],"_links":{"self":[{"href":"http:\/\/cms.juristische-gesellschaft-augsburg.de\/index.php?rest_route=\/wp\/v2\/pages\/16","targetHints":{"allow":["GET"]}}],"collection":[{"href":"http:\/\/cms.juristische-gesellschaft-augsburg.de\/index.php?rest_route=\/wp\/v2\/pages"}],"about":[{"href":"http:\/\/cms.juristische-gesellschaft-augsburg.de\/index.php?rest_route=\/wp\/v2\/types\/page"}],"author":[{"embeddable":true,"href":"http:\/\/cms.juristische-gesellschaft-augsburg.de\/index.php?rest_route=\/wp\/v2\/users\/1"}],"replies":[{"embeddable":true,"href":"http:\/\/cms.juristische-gesellschaft-augsburg.de\/index.php?rest_route=%2Fwp%2Fv2%2Fcomments&post=16"}],"version-history":[{"count":24,"href":"http:\/\/cms.juristische-gesellschaft-augsburg.de\/index.php?rest_route=\/wp\/v2\/pages\/16\/revisions"}],"predecessor-version":[{"id":908,"href":"http:\/\/cms.juristische-gesellschaft-augsburg.de\/index.php?rest_route=\/wp\/v2\/pages\/16\/revisions\/908"}],"wp:attachment":[{"href":"http:\/\/cms.juristische-gesellschaft-augsburg.de\/index.php?rest_route=%2Fwp%2Fv2%2Fmedia&parent=16"}],"curies":[{"name":"wp","href":"https:\/\/api.w.org\/{rel}","templated":true}]}}